{"id":3251,"date":"2017-01-10T11:40:04","date_gmt":"2017-01-10T11:40:04","guid":{"rendered":"http:\/\/ttdemo2.staging.wpengine.com\/gymx\/?page_id=3251"},"modified":"2026-02-27T12:39:47","modified_gmt":"2026-02-27T11:39:47","slug":"kursplan","status":"publish","type":"page","link":"https:\/\/www.fitago.de\/home\/kursplan\/","title":{"rendered":"Kurse"},"content":{"rendered":"<section class=\"wpb-content-wrapper\">[vc_row][vc_column css=&#8220;.vc_custom_1519206030766{padding-bottom: 6% !important;}&#8220;]<h3 class=\"ttbase-heading text-align-center \" style=\"color: #f48460;\"><span>Was wir bieten k\u00f6nnen<\/span><\/h3><h2 class=\"ttbase-heading text-align-center \" ><span>Unsere Kurse<\/span><\/h2>[\/vc_column][\/vc_row][vc_row][vc_column][vc_tta_tabs][vc_tta_section title=&#8220;Level Up&#8220; tab_id=&#8220;1635716028978-ee070e90-fad3&#8243;][vc_column_text]<em><span style=\"font-weight: 400;\">Montag: 18:30 (60 Minuten)<\/span><\/em><\/p>\n<p><span style=\"font-weight: 400;\">Individuell abgestimmtes Training in der Gruppe. Nach anf\u00e4nglicher Anamnese wird das Training auf dich angepasst, sodass jeder etwas f\u00fcr seine Ziele tut, aber auf dem Weg dahin nicht alleine trainiert. Training f\u00fcr alle Altersklassen und Fitnesslevel. Trainiert wird mit eigenem K\u00f6rpergewicht und Sport Kleinger\u00e4ten.<\/span>[\/vc_column_text]<a href=\"https:\/\/www.eversports.de\/org\/widget\/01e88f59-10ac-4548-a31d-8145c7d78d5c?venueId=0da61178-d8e8-46aa-aedb-b65a9d4da89b\" class=\"btn btn-primary \" target=\"_self\" title=\"Kurs buchen\" rel=\"\"><span class=\"ttbase-button-inner\">Kurs buchen<\/span><\/a>[\/vc_tta_section][vc_tta_section title=&#8220;Body Mobility&#8220; tab_id=&#8220;1635716044737-f6763a63-ba20&#8243;][vc_column_text]<em><span style=\"font-weight: 400;\">Montag: 19:30 (45 Minuten)<\/span><\/em><\/p>\n<p><span style=\"font-weight: 400;\">Mit Body Mobility bieten wir dir Stretching, statisches wie aktives Dehnen, aber auch isometrisches Krafttraining an, um deine K\u00f6rperbeweglichkeit zu verbessern und deine Kraftausdauer zu st\u00e4rken.<\/span>[\/vc_column_text]<a href=\"https:\/\/www.eversports.de\/org\/widget\/13583ea5-0fe3-423a-8af8-4c4824af4c7c?venueId=0da61178-d8e8-46aa-aedb-b65a9d4da89b\" class=\"btn btn-primary \" target=\"_self\" title=\"Kurs buchen\" rel=\"\"><span class=\"ttbase-button-inner\">Kurs buchen<\/span><\/a>[\/vc_tta_section][vc_tta_section title=&#8220;W.O.B.O.&#8220; tab_id=&#8220;1635715927648-591b485e-2ba7&#8243;][vc_column_text]<em><span style=\"font-weight: 400;\">Mittwoch: 18:15 Uhr (60 Minuten)<\/span><\/em><\/p>\n<p><span style=\"font-weight: 400;\">W.O.B.O. steht f\u00fcr &#8222;Workout-Boxing&#8220; und ist eine hochintensive Trainingseinheit aus Elementen des Sandsack Boxen (Heavy Bag) und Workout of the day.<\/span>[\/vc_column_text]<a href=\"https:\/\/www.eversports.de\/org\/widget\/d0d65a33-8e49-48b2-a4c5-35aaf928e251?venueId=0da61178-d8e8-46aa-aedb-b65a9d4da89b\" class=\"btn btn-primary \" target=\"_self\" title=\"Kurs buchen\" rel=\"\"><span class=\"ttbase-button-inner\">Kurs buchen<\/span><\/a>[\/vc_tta_section][vc_tta_section title=&#8220;Krav Maga&#8220; tab_id=&#8220;1635715927637-3f979e3d-d7b4&#8243;][vc_column_text]<em><span style=\"font-weight: 400;\">Mittwoch: 19:30 Uhr (60 Minuten)<\/span><\/em><\/p>\n<p><span style=\"font-weight: 400;\">Krav Maga ist ein taktisches, israeli\u00adsches Selbst\u00adver\u00adteidi\u00adgungs- und Nah\u00adkampf\u00adsystem, mit dem Ziel mit allen Arten von Gewalt und An\u00adgriffen umzu\u00adgehen, d.h. sie zu vermeiden, zu beseiti\u00adgen oder sich gegen sie zu ver\u00adteidi\u00adgen. Krav Maga ist einfach zu er\u00adlernen. Die Techni\u00adken bauen auf den nat\u00fcr\u00adlichen Instink\u00adten und Re\u00adflexen des Men\u00adschen auf, weshalb Krav Maga leicht erlernt werden kann und auch unter Stress abruf\u00adbar sind.<\/span>[\/vc_column_text]<a href=\"https:\/\/www.eversports.de\/org\/widget\/d7e5f331-107f-4a43-910d-00cffd174955?venueId=0da61178-d8e8-46aa-aedb-b65a9d4da89b\" class=\"btn btn-primary \" target=\"_self\" title=\"Kurs buchen\" rel=\"\"><span class=\"ttbase-button-inner\">Kurs buchen<\/span><\/a>[\/vc_tta_section][vc_tta_section title=&#8220;Kettle Bells &amp; TRX&#8220; tab_id=&#8220;1635715929797-cb546e5c-df37&#8243;][vc_column_text]<em>Donnerstag: 19 Uhr (60 Minuten)<\/em><\/p>\n<p><span style=\"font-weight: 400;\">Ein knallhartes Training was dich an deine Grenzen bringt. Trainiert wird mit eigenem K\u00f6rpergewicht oder Sport Kleinger\u00e4ten. Ein hoch intensives und h\u00f6chst funktionales Training &#8211; auch f\u00fcr Anf\u00e4nger geeignet.<\/span>[\/vc_column_text][\/vc_tta_section][vc_tta_section title=&#8220;Body Shape&#8220; tab_id=&#8220;1635716010974-3cf5d001-1c4d&#8220;][vc_column_text]<em><span style=\"font-weight: 400;\">Donnerstag: 20 Uhr (60 Minuten)<\/span><\/em><\/p>\n<p><span style=\"font-weight: 400;\">Der Body Shape bietet dir intensive Einheiten, um deinen K\u00f6rper in Form zu halten oder Problemzonen zu bek\u00e4mpfen. Nat\u00fcrlich zielt der Kurs auf unsere K\u00f6rpermitte ab, dennoch wird der ganze K\u00f6rper trainiert.<\/span>[\/vc_column_text]<a href=\"https:\/\/www.eversports.de\/org\/widget\/61e2ef61-8b94-45b8-82d7-f9112fa758b9?venueId=0da61178-d8e8-46aa-aedb-b65a9d4da89b\" class=\"btn btn-primary \" target=\"_self\" title=\"Kurs buchen\" rel=\"\"><span class=\"ttbase-button-inner\">Kurs buchen<\/span><\/a>[\/vc_tta_section][\/vc_tta_tabs][\/vc_column][\/vc_row][vc_row][vc_column][vc_raw_html]JTNDZGl2JTIwZGF0YS1ldmVyc3BvcnRzLXdpZGdldC1pZCUzRCUyMjU1YTQ2NGUxLTAwNGYtNGUzZC05NDllLWQ2ZTkzZTc2NDgzZSUyMiUzRSUwQSUzQyUyMS0tRiVDMyVCQ2dlJTIwZGFzJTIwU2tyaXB0JTIwbnVyJTIwZWlubWFsJTIwcHJvJTIwU2VpdGUlMjBlaW4uLS0lM0UlM0MlMkZkaXYlM0UlMEElM0NzY3JpcHQlMjB0eXBlJTNEJTIybW9kdWxlJTIyJTIwc3JjJTNEJTIyaHR0cHMlM0ElMkYlMkZ3aWRnZXQtc3RhdGljLmV2ZXJzcG9ydHMuaW8lMkZsb2FkZXIuanMlMjIlMjBhc3luYyUyMGRlZmVyJTNFJTNDJTJGc2NyaXB0JTNF[\/vc_raw_html][\/vc_column][\/vc_row]\n<\/section>","protected":false},"excerpt":{"rendered":"<p>[vc_row][vc_column css=&#8220;.vc_custom_1519206030766{padding-bottom: 6% !important;}&#8220;][\/vc_column][\/vc_row][vc_row][vc_column][vc_tta_tabs][vc_tta_section title=&#8220;Level Up&#8220; tab_id=&#8220;1635716028978-ee070e90-fad3&#8243;][vc_column_text]Montag: 18:30 (60 Minuten) Individuell abgestimmtes Training in der Gruppe. Nach anf\u00e4nglicher Anamnese wird das Training auf dich angepasst, sodass jeder etwas f\u00fcr seine Ziele tut, aber auf dem Weg dahin nicht alleine trainiert. Training f\u00fcr alle Altersklassen und Fitnesslevel. Trainiert wird mit eigenem K\u00f6rpergewicht und Sport Kleinger\u00e4ten.[\/vc_column_text][\/vc_tta_section][vc_tta_section title=&#8220;Body&#8230;<\/p>\n<div class=\"read-more-link-wrapper text-center\"><a class=\"read-more-link\" href=\"https:\/\/www.fitago.de\/home\/kursplan\/\"><i class=\"icon-next\"><\/i>Read more<\/a><\/div>\n","protected":false},"author":2,"featured_media":0,"parent":0,"menu_order":0,"comment_status":"closed","ping_status":"closed","template":"","meta":{"footnotes":""},"class_list":["post-3251","page","type-page","status-publish","hentry"],"yoast_head":"<!-- This site is optimized with the Yoast SEO plugin v25.6 - https:\/\/yoast.com\/wordpress\/plugins\/seo\/ -->\n<title>Kurse - fitago<\/title>\n<meta name=\"robots\" content=\"index, follow, max-snippet:-1, max-image-preview:large, max-video-preview:-1\" \/>\n<link rel=\"canonical\" href=\"https:\/\/www.fitago.de\/home\/kursplan\/\" \/>\n<meta property=\"og:locale\" content=\"de_DE\" \/>\n<meta property=\"og:type\" content=\"article\" \/>\n<meta property=\"og:title\" content=\"Kurse - fitago\" \/>\n<meta property=\"og:description\" content=\"[vc_row][vc_column css=&#8220;.vc_custom_1519206030766{padding-bottom: 6% !important;}&#8220;][\/vc_column][\/vc_row][vc_row][vc_column][vc_tta_tabs][vc_tta_section title=&#8220;Level Up&#8220; tab_id=&#8220;1635716028978-ee070e90-fad3&#8243;][vc_column_text]Montag: 18:30 (60 Minuten) Individuell abgestimmtes Training in der Gruppe. Nach anf\u00e4nglicher Anamnese wird das Training auf dich angepasst, sodass jeder etwas f\u00fcr seine Ziele tut, aber auf dem Weg dahin nicht alleine trainiert. Training f\u00fcr alle Altersklassen und Fitnesslevel. Trainiert wird mit eigenem K\u00f6rpergewicht und Sport Kleinger\u00e4ten.[\/vc_column_text][\/vc_tta_section][vc_tta_section title=&#8220;Body...Read more\" \/>\n<meta property=\"og:url\" content=\"https:\/\/www.fitago.de\/home\/kursplan\/\" \/>\n<meta property=\"og:site_name\" content=\"fitago\" \/>\n<meta property=\"article:publisher\" content=\"https:\/\/www.facebook.com\/fitago.glandorf\" \/>\n<meta property=\"article:modified_time\" content=\"2026-02-27T11:39:47+00:00\" \/>\n<meta name=\"twitter:card\" content=\"summary_large_image\" \/>\n<meta name=\"twitter:label1\" content=\"Gesch\u00e4tzte Lesezeit\" \/>\n\t<meta name=\"twitter:data1\" content=\"2\u00a0Minuten\" \/>\n<script type=\"application\/ld+json\" class=\"yoast-schema-graph\">{\"@context\":\"https:\/\/schema.org\",\"@graph\":[{\"@type\":\"WebPage\",\"@id\":\"https:\/\/www.fitago.de\/home\/kursplan\/\",\"url\":\"https:\/\/www.fitago.de\/home\/kursplan\/\",\"name\":\"Kurse - fitago\",\"isPartOf\":{\"@id\":\"https:\/\/www.fitago.de\/home\/#website\"},\"datePublished\":\"2017-01-10T11:40:04+00:00\",\"dateModified\":\"2026-02-27T11:39:47+00:00\",\"breadcrumb\":{\"@id\":\"https:\/\/www.fitago.de\/home\/kursplan\/#breadcrumb\"},\"inLanguage\":\"de\",\"potentialAction\":[{\"@type\":\"ReadAction\",\"target\":[\"https:\/\/www.fitago.de\/home\/kursplan\/\"]}]},{\"@type\":\"BreadcrumbList\",\"@id\":\"https:\/\/www.fitago.de\/home\/kursplan\/#breadcrumb\",\"itemListElement\":[{\"@type\":\"ListItem\",\"position\":1,\"name\":\"Startseite\",\"item\":\"https:\/\/www.fitago.de\/home\/\"},{\"@type\":\"ListItem\",\"position\":2,\"name\":\"Kurse\"}]},{\"@type\":\"WebSite\",\"@id\":\"https:\/\/www.fitago.de\/home\/#website\",\"url\":\"https:\/\/www.fitago.de\/home\/\",\"name\":\"fitago\",\"description\":\"Mehr als nur Fitness\",\"publisher\":{\"@id\":\"https:\/\/www.fitago.de\/home\/#organization\"},\"potentialAction\":[{\"@type\":\"SearchAction\",\"target\":{\"@type\":\"EntryPoint\",\"urlTemplate\":\"https:\/\/www.fitago.de\/home\/?s={search_term_string}\"},\"query-input\":{\"@type\":\"PropertyValueSpecification\",\"valueRequired\":true,\"valueName\":\"search_term_string\"}}],\"inLanguage\":\"de\"},{\"@type\":\"Organization\",\"@id\":\"https:\/\/www.fitago.de\/home\/#organization\",\"name\":\"fitago\",\"url\":\"https:\/\/www.fitago.de\/home\/\",\"logo\":{\"@type\":\"ImageObject\",\"inLanguage\":\"de\",\"@id\":\"https:\/\/www.fitago.de\/home\/#\/schema\/logo\/image\/\",\"url\":\"https:\/\/www.fitago.de\/wp-content\/uploads\/2021\/11\/Logo_fitago_rgb_01-neu.png\",\"contentUrl\":\"https:\/\/www.fitago.de\/wp-content\/uploads\/2021\/11\/Logo_fitago_rgb_01-neu.png\",\"width\":451,\"height\":289,\"caption\":\"fitago\"},\"image\":{\"@id\":\"https:\/\/www.fitago.de\/home\/#\/schema\/logo\/image\/\"},\"sameAs\":[\"https:\/\/www.facebook.com\/fitago.glandorf\"]}]}<\/script>\n<!-- \/ Yoast SEO plugin. -->","yoast_head_json":{"title":"Kurse - fitago","robots":{"index":"index","follow":"follow","max-snippet":"max-snippet:-1","max-image-preview":"max-image-preview:large","max-video-preview":"max-video-preview:-1"},"canonical":"https:\/\/www.fitago.de\/home\/kursplan\/","og_locale":"de_DE","og_type":"article","og_title":"Kurse - fitago","og_description":"[vc_row][vc_column css=&#8220;.vc_custom_1519206030766{padding-bottom: 6% !important;}&#8220;][\/vc_column][\/vc_row][vc_row][vc_column][vc_tta_tabs][vc_tta_section title=&#8220;Level Up&#8220; tab_id=&#8220;1635716028978-ee070e90-fad3&#8243;][vc_column_text]Montag: 18:30 (60 Minuten) Individuell abgestimmtes Training in der Gruppe. Nach anf\u00e4nglicher Anamnese wird das Training auf dich angepasst, sodass jeder etwas f\u00fcr seine Ziele tut, aber auf dem Weg dahin nicht alleine trainiert. Training f\u00fcr alle Altersklassen und Fitnesslevel. Trainiert wird mit eigenem K\u00f6rpergewicht und Sport Kleinger\u00e4ten.[\/vc_column_text][\/vc_tta_section][vc_tta_section title=&#8220;Body...Read more","og_url":"https:\/\/www.fitago.de\/home\/kursplan\/","og_site_name":"fitago","article_publisher":"https:\/\/www.facebook.com\/fitago.glandorf","article_modified_time":"2026-02-27T11:39:47+00:00","twitter_card":"summary_large_image","twitter_misc":{"Gesch\u00e4tzte Lesezeit":"2\u00a0Minuten"},"schema":{"@context":"https:\/\/schema.org","@graph":[{"@type":"WebPage","@id":"https:\/\/www.fitago.de\/home\/kursplan\/","url":"https:\/\/www.fitago.de\/home\/kursplan\/","name":"Kurse - fitago","isPartOf":{"@id":"https:\/\/www.fitago.de\/home\/#website"},"datePublished":"2017-01-10T11:40:04+00:00","dateModified":"2026-02-27T11:39:47+00:00","breadcrumb":{"@id":"https:\/\/www.fitago.de\/home\/kursplan\/#breadcrumb"},"inLanguage":"de","potentialAction":[{"@type":"ReadAction","target":["https:\/\/www.fitago.de\/home\/kursplan\/"]}]},{"@type":"BreadcrumbList","@id":"https:\/\/www.fitago.de\/home\/kursplan\/#breadcrumb","itemListElement":[{"@type":"ListItem","position":1,"name":"Startseite","item":"https:\/\/www.fitago.de\/home\/"},{"@type":"ListItem","position":2,"name":"Kurse"}]},{"@type":"WebSite","@id":"https:\/\/www.fitago.de\/home\/#website","url":"https:\/\/www.fitago.de\/home\/","name":"fitago","description":"Mehr als nur Fitness","publisher":{"@id":"https:\/\/www.fitago.de\/home\/#organization"},"potentialAction":[{"@type":"SearchAction","target":{"@type":"EntryPoint","urlTemplate":"https:\/\/www.fitago.de\/home\/?s={search_term_string}"},"query-input":{"@type":"PropertyValueSpecification","valueRequired":true,"valueName":"search_term_string"}}],"inLanguage":"de"},{"@type":"Organization","@id":"https:\/\/www.fitago.de\/home\/#organization","name":"fitago","url":"https:\/\/www.fitago.de\/home\/","logo":{"@type":"ImageObject","inLanguage":"de","@id":"https:\/\/www.fitago.de\/home\/#\/schema\/logo\/image\/","url":"https:\/\/www.fitago.de\/wp-content\/uploads\/2021\/11\/Logo_fitago_rgb_01-neu.png","contentUrl":"https:\/\/www.fitago.de\/wp-content\/uploads\/2021\/11\/Logo_fitago_rgb_01-neu.png","width":451,"height":289,"caption":"fitago"},"image":{"@id":"https:\/\/www.fitago.de\/home\/#\/schema\/logo\/image\/"},"sameAs":["https:\/\/www.facebook.com\/fitago.glandorf"]}]}},"_links":{"self":[{"href":"https:\/\/www.fitago.de\/home\/wp-json\/wp\/v2\/pages\/3251","targetHints":{"allow":["GET"]}}],"collection":[{"href":"https:\/\/www.fitago.de\/home\/wp-json\/wp\/v2\/pages"}],"about":[{"href":"https:\/\/www.fitago.de\/home\/wp-json\/wp\/v2\/types\/page"}],"author":[{"embeddable":true,"href":"https:\/\/www.fitago.de\/home\/wp-json\/wp\/v2\/users\/2"}],"replies":[{"embeddable":true,"href":"https:\/\/www.fitago.de\/home\/wp-json\/wp\/v2\/comments?post=3251"}],"version-history":[{"count":28,"href":"https:\/\/www.fitago.de\/home\/wp-json\/wp\/v2\/pages\/3251\/revisions"}],"predecessor-version":[{"id":3808,"href":"https:\/\/www.fitago.de\/home\/wp-json\/wp\/v2\/pages\/3251\/revisions\/3808"}],"wp:attachment":[{"href":"https:\/\/www.fitago.de\/home\/wp-json\/wp\/v2\/media?parent=3251"}],"curies":[{"name":"wp","href":"https:\/\/api.w.org\/{rel}","templated":true}]}}