{"id":3111,"date":"2016-08-24T09:03:40","date_gmt":"2016-08-24T09:03:40","guid":{"rendered":"http:\/\/ttleadx.staging.wpengine.com\/leadx\/?page_id=3111"},"modified":"2021-11-21T21:50:38","modified_gmt":"2021-11-21T20:50:38","slug":"personal-training","status":"publish","type":"page","link":"https:\/\/www.fitago.de\/home\/personal-training\/","title":{"rendered":"Personal Training"},"content":{"rendered":"<section class=\"wpb-content-wrapper\">[vc_row full_width=&#8220;stretch_row_content_no_spaces&#8220;][vc_column]<h3 class=\"ttbase-heading text-align-center \" style=\"color: #f48460;\"><span>Trainiere ganz individuell<\/span><\/h3><h2 class=\"ttbase-heading text-align-center \" ><span>Personal Training<\/span><\/h2>[vc_empty_space]<div class=\"half-carousel owl-carousel owl-theme\">\n\t\t\t<section class=\"image-square right\">\n\t\t\t    <div class=\"col-md-6 image\">\n\t\t\t        <div class=\"background-image-holder\">\n\t\t\t            <img loading=\"lazy\" decoding=\"async\" width=\"2560\" height=\"1920\" src=\"https:\/\/www.fitago.de\/wp-content\/uploads\/2021\/11\/1PB071261-scaled.jpg\" class=\"background-image\" alt=\"\" srcset=\"https:\/\/www.fitago.de\/wp-content\/uploads\/2021\/11\/1PB071261-scaled.jpg 2560w, https:\/\/www.fitago.de\/wp-content\/uploads\/2021\/11\/1PB071261-300x225.jpg 300w, https:\/\/www.fitago.de\/wp-content\/uploads\/2021\/11\/1PB071261-1024x768.jpg 1024w, https:\/\/www.fitago.de\/wp-content\/uploads\/2021\/11\/1PB071261-768x576.jpg 768w, https:\/\/www.fitago.de\/wp-content\/uploads\/2021\/11\/1PB071261-1536x1152.jpg 1536w, https:\/\/www.fitago.de\/wp-content\/uploads\/2021\/11\/1PB071261-2048x1536.jpg 2048w, https:\/\/www.fitago.de\/wp-content\/uploads\/2021\/11\/1PB071261-600x450.jpg 600w\" sizes=\"auto, (max-width: 2560px) 100vw, 2560px\" \/>\n\t\t\t        <\/div>\n\t\t\t    <\/div>\n\t\t\t    <div class=\"col-md-6 content\">\n\t\t\t        <h2 class=\"ttbase-heading text-align-left \" style=\"margin-bottom: 30px;margin-top: 30px;\"><span>Trainiere so individuell wie du bist<\/span><\/h2>\n<p class=\"intro left\" style=\"color:#707573;\">\n<p><span style=\"font-weight: 400;\">Du m\u00f6chtest nicht in der Gruppe trainieren und Deine pers\u00f6nlichen Ziele individuell ausarbeiten lassen und auch erreichen? Dann entscheide Dich f\u00fcr ein Personal Training bei mir. bevor wir starten setzen wir uns zusammen und besprechen im Detail Deine Ziele und Vorstellungen. Als Resultat erh\u00e4ltst Du einen pers\u00f6nlichen Trainingsplan der genau auf Deine k\u00f6rperliche Konstitution zugeschnitten ist.<\/span><\/p>\n<\/p>\n<div class=\"ttbase-spacer\" style=\"height: 30px;\"><\/div>\n<a href=\"https:\/\/widget.fitogram.pro\/fitago\/?w=\/event\/6113a6ac-828e-45f8-9ad5-656cba850e0d\" class=\"btn btn-primary btn-large style-2 \" target=\"_self\" title=\"Personal Training anfragen\" rel=\"\"><span class=\"ttbase-button-inner\">Personal Training anfragen<\/span><\/a>\n\t\t\t    <\/div>\n\t\t\t<\/section>\n\t\t\n\t\t\t<section class=\"image-square right\">\n\t\t\t    <div class=\"col-md-6 image\">\n\t\t\t        <div class=\"background-image-holder\">\n\t\t\t            <img loading=\"lazy\" decoding=\"async\" width=\"966\" height=\"500\" src=\"https:\/\/www.fitago.de\/wp-content\/uploads\/2021\/11\/Ueber-uns-handball-1.png\" class=\"background-image\" alt=\"\" srcset=\"https:\/\/www.fitago.de\/wp-content\/uploads\/2021\/11\/Ueber-uns-handball-1.png 966w, https:\/\/www.fitago.de\/wp-content\/uploads\/2021\/11\/Ueber-uns-handball-1-300x155.png 300w, https:\/\/www.fitago.de\/wp-content\/uploads\/2021\/11\/Ueber-uns-handball-1-768x398.png 768w\" sizes=\"auto, (max-width: 966px) 100vw, 966px\" \/>\n\t\t\t        <\/div>\n\t\t\t    <\/div>\n\t\t\t    <div class=\"col-md-6 content\">\n\t\t\t        <h2 class=\"ttbase-heading text-align-left \" style=\"margin-bottom: 30px;margin-top: 30px;\"><span>Dein Ziel wird unser Ziel<\/span><\/h2>\n<p class=\"intro left\" style=\"color:#707573;\">\n<p><span style=\"font-weight: 400;\">Alles ist m\u00f6glich, Beweglichkeit, Gewichtsabnahme, Muskelaufbau, Kondition oder auch Stressabbau als Ausgleich zu Deinem anstrengenden beruflichen Alltag. Mit einem abwechslungsreichen Trainingsprogramm kommst Du motiviert ans Ziel.<\/span><\/p>\n<\/p>\n<div class=\"ttbase-spacer\" style=\"height: 30px;\"><\/div>\n<a href=\"https:\/\/widget.fitogram.pro\/fitago\/?w=\/event\/6113a6ac-828e-45f8-9ad5-656cba850e0d\" class=\"btn btn-primary btn-large style-2 \" target=\"_self\" title=\"Zum Personal Training\" rel=\"\"><span class=\"ttbase-button-inner\">Zum Personal Training<\/span><\/a>\n\t\t\t    <\/div>\n\t\t\t<\/section>\n\t\t\n\t\t\t<section class=\"image-square right\">\n\t\t\t    <div class=\"col-md-6 image\">\n\t\t\t        <div class=\"background-image-holder\">\n\t\t\t            <img loading=\"lazy\" decoding=\"async\" width=\"1800\" height=\"1000\" src=\"https:\/\/www.fitago.de\/wp-content\/uploads\/2021\/11\/2.png\" class=\"background-image\" alt=\"\" srcset=\"https:\/\/www.fitago.de\/wp-content\/uploads\/2021\/11\/2.png 1800w, https:\/\/www.fitago.de\/wp-content\/uploads\/2021\/11\/2-300x167.png 300w, https:\/\/www.fitago.de\/wp-content\/uploads\/2021\/11\/2-1024x569.png 1024w, https:\/\/www.fitago.de\/wp-content\/uploads\/2021\/11\/2-768x427.png 768w, https:\/\/www.fitago.de\/wp-content\/uploads\/2021\/11\/2-1536x853.png 1536w\" sizes=\"auto, (max-width: 1800px) 100vw, 1800px\" \/>\n\t\t\t        <\/div>\n\t\t\t    <\/div>\n\t\t\t    <div class=\"col-md-6 content\">\n\t\t\t        <h2 class=\"ttbase-heading text-align-left \" style=\"margin-bottom: 30px;margin-top: 30px;\"><span>Ich helfe dir mit meiner Erfahrung<\/span><\/h2>\n<p class=\"intro left\" style=\"color:#707573;\">\n<p><span style=\"font-weight: 400;\">Ich pers\u00f6nlich greife auf langj\u00e4hrige Erfahrung aus Handball, Bodybuilding, Fitness und Kampfsport zur\u00fcck. Da ich hauptberuflich lange als IT Manager t\u00e4tig bin sind mir auch alle stressbedingten Themen im beruflichen Alltag und deren Herausforderungen sehr wohl bekannt. Somit flie\u00dfen in meine Trainingsmethoden auch viele Erfahrungen zum Stress Abbau wie auch aktiv zur Bew\u00e4ltigung mit ein.\u00a0<\/span><\/p>\n<p><span style=\"font-weight: 400;\">Habe ich Deine Neugier geweckt dann spreche mich an &#8211; Ich freue mich auf Deine Anfrage \u00fcber das untenstehende Formular!<\/span><\/p>\n<\/p>\n<div class=\"ttbase-spacer\" style=\"height: 30px;\"><\/div>\n<a href=\"https:\/\/widget.fitogram.pro\/fitago\/?w=\/event\/6113a6ac-828e-45f8-9ad5-656cba850e0d\" class=\"btn btn-primary btn-large style-2 \" target=\"_self\" title=\"Individuell trainieren\" rel=\"\"><span class=\"ttbase-button-inner\">Individuell trainieren<\/span><\/a>\n\t\t\t    <\/div>\n\t\t\t<\/section>\n\t\t<\/div>[\/vc_column][\/vc_row]\n<\/section>","protected":false},"excerpt":{"rendered":"<p>[vc_row full_width=&#8220;stretch_row_content_no_spaces&#8220;][vc_column][vc_empty_space][\/vc_column][\/vc_row]<\/p>\n<div class=\"read-more-link-wrapper text-center\"><a class=\"read-more-link\" href=\"https:\/\/www.fitago.de\/home\/personal-training\/\"><i class=\"icon-next\"><\/i>Read more<\/a><\/div>\n","protected":false},"author":2,"featured_media":0,"parent":0,"menu_order":0,"comment_status":"closed","ping_status":"closed","template":"","meta":{"footnotes":""},"class_list":["post-3111","page","type-page","status-publish","hentry"],"yoast_head":"<!-- This site is optimized with the Yoast SEO plugin v25.6 - https:\/\/yoast.com\/wordpress\/plugins\/seo\/ -->\n<title>Personal Training - fitago<\/title>\n<meta name=\"robots\" content=\"index, follow, max-snippet:-1, max-image-preview:large, max-video-preview:-1\" \/>\n<link rel=\"canonical\" href=\"https:\/\/www.fitago.de\/home\/personal-training\/\" \/>\n<meta property=\"og:locale\" content=\"de_DE\" \/>\n<meta property=\"og:type\" content=\"article\" \/>\n<meta property=\"og:title\" content=\"Personal Training - fitago\" \/>\n<meta property=\"og:description\" content=\"[vc_row full_width=&#8220;stretch_row_content_no_spaces&#8220;][vc_column][vc_empty_space][\/vc_column][\/vc_row]Read more\" \/>\n<meta property=\"og:url\" content=\"https:\/\/www.fitago.de\/home\/personal-training\/\" \/>\n<meta property=\"og:site_name\" content=\"fitago\" \/>\n<meta property=\"article:publisher\" content=\"https:\/\/www.facebook.com\/fitago.glandorf\" \/>\n<meta property=\"article:modified_time\" content=\"2021-11-21T20:50:38+00:00\" \/>\n<meta name=\"twitter:card\" content=\"summary_large_image\" \/>\n<meta name=\"twitter:label1\" content=\"Gesch\u00e4tzte Lesezeit\" \/>\n\t<meta name=\"twitter:data1\" content=\"3\u00a0Minuten\" \/>\n<script type=\"application\/ld+json\" class=\"yoast-schema-graph\">{\"@context\":\"https:\/\/schema.org\",\"@graph\":[{\"@type\":\"WebPage\",\"@id\":\"https:\/\/www.fitago.de\/home\/personal-training\/\",\"url\":\"https:\/\/www.fitago.de\/home\/personal-training\/\",\"name\":\"Personal Training - fitago\",\"isPartOf\":{\"@id\":\"https:\/\/www.fitago.de\/home\/#website\"},\"datePublished\":\"2016-08-24T09:03:40+00:00\",\"dateModified\":\"2021-11-21T20:50:38+00:00\",\"breadcrumb\":{\"@id\":\"https:\/\/www.fitago.de\/home\/personal-training\/#breadcrumb\"},\"inLanguage\":\"de\",\"potentialAction\":[{\"@type\":\"ReadAction\",\"target\":[\"https:\/\/www.fitago.de\/home\/personal-training\/\"]}]},{\"@type\":\"BreadcrumbList\",\"@id\":\"https:\/\/www.fitago.de\/home\/personal-training\/#breadcrumb\",\"itemListElement\":[{\"@type\":\"ListItem\",\"position\":1,\"name\":\"Startseite\",\"item\":\"https:\/\/www.fitago.de\/home\/\"},{\"@type\":\"ListItem\",\"position\":2,\"name\":\"Personal Training\"}]},{\"@type\":\"WebSite\",\"@id\":\"https:\/\/www.fitago.de\/home\/#website\",\"url\":\"https:\/\/www.fitago.de\/home\/\",\"name\":\"fitago\",\"description\":\"Mehr als nur Fitness\",\"publisher\":{\"@id\":\"https:\/\/www.fitago.de\/home\/#organization\"},\"potentialAction\":[{\"@type\":\"SearchAction\",\"target\":{\"@type\":\"EntryPoint\",\"urlTemplate\":\"https:\/\/www.fitago.de\/home\/?s={search_term_string}\"},\"query-input\":{\"@type\":\"PropertyValueSpecification\",\"valueRequired\":true,\"valueName\":\"search_term_string\"}}],\"inLanguage\":\"de\"},{\"@type\":\"Organization\",\"@id\":\"https:\/\/www.fitago.de\/home\/#organization\",\"name\":\"fitago\",\"url\":\"https:\/\/www.fitago.de\/home\/\",\"logo\":{\"@type\":\"ImageObject\",\"inLanguage\":\"de\",\"@id\":\"https:\/\/www.fitago.de\/home\/#\/schema\/logo\/image\/\",\"url\":\"https:\/\/www.fitago.de\/wp-content\/uploads\/2021\/11\/Logo_fitago_rgb_01-neu.png\",\"contentUrl\":\"https:\/\/www.fitago.de\/wp-content\/uploads\/2021\/11\/Logo_fitago_rgb_01-neu.png\",\"width\":451,\"height\":289,\"caption\":\"fitago\"},\"image\":{\"@id\":\"https:\/\/www.fitago.de\/home\/#\/schema\/logo\/image\/\"},\"sameAs\":[\"https:\/\/www.facebook.com\/fitago.glandorf\"]}]}<\/script>\n<!-- \/ Yoast SEO plugin. -->","yoast_head_json":{"title":"Personal Training - fitago","robots":{"index":"index","follow":"follow","max-snippet":"max-snippet:-1","max-image-preview":"max-image-preview:large","max-video-preview":"max-video-preview:-1"},"canonical":"https:\/\/www.fitago.de\/home\/personal-training\/","og_locale":"de_DE","og_type":"article","og_title":"Personal Training - fitago","og_description":"[vc_row full_width=&#8220;stretch_row_content_no_spaces&#8220;][vc_column][vc_empty_space][\/vc_column][\/vc_row]Read more","og_url":"https:\/\/www.fitago.de\/home\/personal-training\/","og_site_name":"fitago","article_publisher":"https:\/\/www.facebook.com\/fitago.glandorf","article_modified_time":"2021-11-21T20:50:38+00:00","twitter_card":"summary_large_image","twitter_misc":{"Gesch\u00e4tzte Lesezeit":"3\u00a0Minuten"},"schema":{"@context":"https:\/\/schema.org","@graph":[{"@type":"WebPage","@id":"https:\/\/www.fitago.de\/home\/personal-training\/","url":"https:\/\/www.fitago.de\/home\/personal-training\/","name":"Personal Training - fitago","isPartOf":{"@id":"https:\/\/www.fitago.de\/home\/#website"},"datePublished":"2016-08-24T09:03:40+00:00","dateModified":"2021-11-21T20:50:38+00:00","breadcrumb":{"@id":"https:\/\/www.fitago.de\/home\/personal-training\/#breadcrumb"},"inLanguage":"de","potentialAction":[{"@type":"ReadAction","target":["https:\/\/www.fitago.de\/home\/personal-training\/"]}]},{"@type":"BreadcrumbList","@id":"https:\/\/www.fitago.de\/home\/personal-training\/#breadcrumb","itemListElement":[{"@type":"ListItem","position":1,"name":"Startseite","item":"https:\/\/www.fitago.de\/home\/"},{"@type":"ListItem","position":2,"name":"Personal Training"}]},{"@type":"WebSite","@id":"https:\/\/www.fitago.de\/home\/#website","url":"https:\/\/www.fitago.de\/home\/","name":"fitago","description":"Mehr als nur Fitness","publisher":{"@id":"https:\/\/www.fitago.de\/home\/#organization"},"potentialAction":[{"@type":"SearchAction","target":{"@type":"EntryPoint","urlTemplate":"https:\/\/www.fitago.de\/home\/?s={search_term_string}"},"query-input":{"@type":"PropertyValueSpecification","valueRequired":true,"valueName":"search_term_string"}}],"inLanguage":"de"},{"@type":"Organization","@id":"https:\/\/www.fitago.de\/home\/#organization","name":"fitago","url":"https:\/\/www.fitago.de\/home\/","logo":{"@type":"ImageObject","inLanguage":"de","@id":"https:\/\/www.fitago.de\/home\/#\/schema\/logo\/image\/","url":"https:\/\/www.fitago.de\/wp-content\/uploads\/2021\/11\/Logo_fitago_rgb_01-neu.png","contentUrl":"https:\/\/www.fitago.de\/wp-content\/uploads\/2021\/11\/Logo_fitago_rgb_01-neu.png","width":451,"height":289,"caption":"fitago"},"image":{"@id":"https:\/\/www.fitago.de\/home\/#\/schema\/logo\/image\/"},"sameAs":["https:\/\/www.facebook.com\/fitago.glandorf"]}]}},"_links":{"self":[{"href":"https:\/\/www.fitago.de\/home\/wp-json\/wp\/v2\/pages\/3111","targetHints":{"allow":["GET"]}}],"collection":[{"href":"https:\/\/www.fitago.de\/home\/wp-json\/wp\/v2\/pages"}],"about":[{"href":"https:\/\/www.fitago.de\/home\/wp-json\/wp\/v2\/types\/page"}],"author":[{"embeddable":true,"href":"https:\/\/www.fitago.de\/home\/wp-json\/wp\/v2\/users\/2"}],"replies":[{"embeddable":true,"href":"https:\/\/www.fitago.de\/home\/wp-json\/wp\/v2\/comments?post=3111"}],"version-history":[{"count":10,"href":"https:\/\/www.fitago.de\/home\/wp-json\/wp\/v2\/pages\/3111\/revisions"}],"predecessor-version":[{"id":3693,"href":"https:\/\/www.fitago.de\/home\/wp-json\/wp\/v2\/pages\/3111\/revisions\/3693"}],"wp:attachment":[{"href":"https:\/\/www.fitago.de\/home\/wp-json\/wp\/v2\/media?parent=3111"}],"curies":[{"name":"wp","href":"https:\/\/api.w.org\/{rel}","templated":true}]}}