{"id":3,"date":"2021-09-04T18:48:21","date_gmt":"2021-09-04T16:48:21","guid":{"rendered":"https:\/\/www.fitago.de\/?page_id=3"},"modified":"2021-11-21T21:24:23","modified_gmt":"2021-11-21T20:24:23","slug":"datenschutzerklaerung","status":"publish","type":"page","link":"https:\/\/www.fitago.de\/home\/datenschutzerklaerung\/","title":{"rendered":"Datenschutzerkl\u00e4rung"},"content":{"rendered":"<div id=\"wppb-builder-container\" class=\"wppb-builder-container\"><p><\/p>\r\n<p>Die Betreiber dieser Seiten nehmen den Schutz Ihrer pers\u00f6nlichen Daten sehr ernst. Wir behandeln Ihre personenbezogenen Daten vertraulich und entsprechend der gesetzlichen Datenschutzvorschriften sowie dieser Datenschutzerkl\u00e4rung. Die Nutzung unserer Webseite ist in der Regel ohne Angabe personenbezogener Daten m\u00f6glich. Soweit auf unseren Seiten personenbezogene Daten (beispielsweise Name, Anschrift oder E-Mail-Adressen) erhoben werden, erfolgt dies, soweit m\u00f6glich, stets auf freiwilliger Basis. Diese Daten werden ohne Ihre ausdr\u00fcckliche Zustimmung nicht an Dritte weitergegeben. Wir weisen darauf hin, dass die Daten\u00fcbertragung im Internet (z.B. bei der Kommunikation per E-Mail) Sicherheitsl\u00fccken aufweisen kann. Ein l\u00fcckenloser Schutz der Daten vor dem Zugriff durch Dritte ist nicht m\u00f6glich. Diese Datenschutzrichtlinie hat die Aufgabe, \u00fcber die Verarbeitung vonpersonenbezogenen Daten in unseren Unternehmen zu informieren. Wir kommen hiermit unseren gesetzlichen Verpflichtungen insbesondere aus demTelemediengesetz (TMG) und der europ\u00e4ischen Datenschutz-Grundverordnung (EU-DSGVO, EU 2016\/679) insbesondere Artikel 13 und 14, sowie Artikel 26 Abs. 2) nach.<br \/>Bitte lesen Sie diese Datenschutzrichtlinie sorgf\u00e4ltig durch und vergewissern Sie sich, dass Sie sie verstehen. Sollten Sie weitere Fragen haben oder etwas nicht verstehen, so kontaktieren Sie uns bitte. Wir erkl\u00e4ren in diesem Dokument, dass wir Cookies und Analysetools auf unserer Webseite verwenden. Bitte beachten Sie, dass unsere Datenschutzrichtlinie um zus\u00e4tzliche Angaben erg\u00e4nzt werden kann.<br \/>Wir halten uns jederzeit an das geltende Datenschutzrecht und diese Datenschutzrichtlinie. Daten geben wir nur in den F\u00e4llen weiter, die in diesen Bestimmungen aufgef\u00fchrt werden.<\/p>\r\n<h2 class=\"wp-block-heading\">Wie k\u00f6nnen Sie uns kontaktieren?<\/h2>\r\n<p>FitAGo M\u00fcnsterstrasse 29, 49219 Glandorf,\u00a0<a class=\"mailto-link\" href=\"mailto:info@fitago.de\" target=\"_blank\" rel=\"noopener\">info@fitago.de<\/a><\/p>\r\n<h2>Datenschutzerkl\u00e4rung f\u00fcr die Nutzung von Google Analytics<\/h2>\r\n<p>Diese Website nutzt Funktionen des Webanalysedienstes Google Analytics. Anbieter ist die Google Inc. 1600 Amphitheatre Parkway Mountain View, CA 94043, USA. Google Analytics verwendet sog. &#8222;Cookies&#8220;. Das sind Textdateien, die auf Ihrem Computer gespeichert werden und die eine Analyse der Benutzung der Website durch Sie erm\u00f6glichen. Die durch den Cookie erzeugten Informationen \u00fcber Ihre Benutzung dieser Website werden in der Regel an einen Server von Google in den USA \u00fcbertragen und dort gespeichert. Im Falle der Aktivierung der IP-Anonymisierung auf dieser Webseite wird Ihre IP-Adresse von Google jedoch innerhalb von Mitgliedstaaten der Europ\u00e4ischen Union oder in anderen Vertragsstaaten des Abkommens \u00fcber den Europ\u00e4ischen Wirtschaftsraum zuvor gek\u00fcrzt. Nur in Ausnahmef\u00e4llen wird die volle IP-Adresse an einen Server von Google in den USA \u00fcbertragen und dort gek\u00fcrzt. Im Auftrag des Betreibers dieser Website wird Google diese Informationen benutzen, um Ihre Nutzung der Website auszuwerten, um Reports \u00fcber die Websiteaktivit\u00e4ten zusammenzustellen und um weitere mit der Websitenutzung und der Internetnutzung verbundene Dienstleistungen gegen\u00fcber dem Websitebetreiber zu erbringen. Die im Rahmen von Google Analytics von Ihrem Browser \u00fcbermittelte IP-Adresse wird nicht mit anderen Daten von Google zusammengef\u00fchrt.<br \/>Sie k\u00f6nnen die Speicherung der Cookies durch eine entsprechende Einstellung Ihrer Browser-Software verhindern; wir weisen Sie jedoch darauf hin, dass Sie in diesem Fall gegebenenfalls nicht s\u00e4mtliche Funktionen dieser Website vollumf\u00e4nglich werden nutzen k\u00f6nnen. Sie k\u00f6nnen dar\u00fcber hinaus die Erfassung der durch das Cookie erzeugten und auf Ihre Nutzung der Website bezogenen Daten (inkl. Ihrer IP-Adresse) an Google sowie die Verarbeitung dieser Daten durch Google verhindern, indem sie das unter dem folgenden Link verf\u00fcgbare Browser-Plugin herunterladen und installieren:\u00a0<a href=\"http:\/\/tools.google.com\/dlpage\/gaoptout?hl=de\" target=\"_blank\" rel=\"noopener\">http:\/\/tools.google.com\/dlpage\/gaoptout?hl=de<\/a><\/p>\r\n<h2>Datenschutzerkl\u00e4rung f\u00fcr die Nutzung von Facebook-Beitr\u00e4gen(Bildern)<\/h2>\r\n<p>Auf unseren Seiten sind Beitr\u00e4ge des sozialen Netzwerks Facebook, Anbieter Facebook Inc., 1 Hacker Way, Menlo Park, California 94025, USA, integriert. Die Facebookbetr\u00e4ge stammen von unserer eigenen Facebook Seite.<br \/>Wenn Sie unsere Seiten besuchen, wird f\u00fcr das Laden der Facebooksbeitragsbilder auf der Startseite eine direkte Verbindung zwischen Ihrem Browser und dem Facebook-Server hergestellt. Facebook erh\u00e4lt dadurch die Information, dass Sie mit Ihrer IP-Adresse diese Bilder geladen haben. Wir weisen darauf hin, dass wir als Anbieter der Seiten keine Kenntnis vom Inhalt der \u00fcbermittelten Daten sowie deren Nutzung durch Facebook erhalten. Weitere Informationen hierzu finden Sie in der Datenschutzerkl\u00e4rung von Facebook unter\u00a0<a href=\"http:\/\/de-de.facebook.com\/policy.php\" target=\"_blank\" rel=\"noopener\">http:\/\/de-de.facebook.com\/policy.php<\/a>.<br \/><br \/>Datenschutzerkl\u00e4rung f\u00fcr die Nutzung von Instagram-Beitr\u00e4gen(Bildern)<br \/>Wenn Sie unsere Seiten besuchen, wird f\u00fcr das Laden der Instagrambeitragsbilder auf der Startseite eine direkte Verbindung zwischen Ihrem Browser und den Instagram-Servern hergestellt. Instagram erh\u00e4lt dadurch die Information, dass Sie mit Ihrer IP-Adresse diese Bilder geladen haben. Wir weisen darauf hin, dass wir als Anbieter der Seiten keine Kenntnis vom Inhalt der \u00fcbermittelten Daten sowie deren Nutzung durch Instagram erhalten. Weitere Informationen hierzu finden Sie in der Datenschutzerkl\u00e4rung von Facebook unter\u00a0<a href=\"http:\/\/instagram.com\/about\/legal\/privacy\/\" target=\"_blank\" rel=\"noopener\">http:\/\/instagram.com\/about\/legal\/privacy\/<\/a>.<\/p>\r\n<h2>Server-Log-Files<\/h2>\r\n<p>Der Provider der Seiten erhebt und speichert automatisch Informationen in so genannten Server-Log Files, die Ihr Browser automatisch an uns \u00fcbermittelt. Dies sind:<br \/>\u2022 Browsertyp\/ Browserversion<br \/>\u2022 verwendetes Betriebssystem<br \/>\u2022 Referrer URL<br \/>\u2022 Hostname des zugreifenden Rechners<br \/>\u2022 Uhrzeit der Serveranfrage<br \/>Diese Daten sind nicht bestimmten Personen zuordenbar. Eine Zusammenf\u00fchrung dieser Daten mit anderen Datenquellen wird nicht vorgenommen. Wir behalten uns vor, diese Daten nachtr\u00e4glich zu pr\u00fcfen, wenn uns konkrete Anhaltspunkte f\u00fcr eine rechtswidrige Nutzung bekannt werden.<\/p>\r\n<h2>Kontaktformular<\/h2>\r\n<p>Wenn Sie uns per Kontaktformular Anfragen zukommen lassen, werden Ihre Angaben aus dem Anfrageformular inklusive der von Ihnen dort angegebenen Kontaktdaten zwecks Bearbeitung der Anfrage und f\u00fcr den Fall von Anschlussfragen bei uns gespeichert. Diese Daten geben wir nicht ohne Ihre Einwilligung weiter.<\/p>\r\n<h2>Widerspruch Werbe-Mails<\/h2>\r\n<p>Der Nutzung von im Rahmen der Impressumspflicht ver\u00f6ffentlichten Kontaktdaten zur \u00dcbersendung von nicht ausdr\u00fccklich angeforderter Werbung und Informationsmaterialien wird hiermit widersprochen. Die Betreiber der Seiten behalten sich ausdr\u00fccklich rechtliche Schritte im Falle der unverlangten Zusendung von Werbeinformationen, etwa durch Spam-E-Mails, vor.<\/p>\r\n<p><\/p><\/div>","protected":false},"excerpt":{"rendered":"<p>Die Betreiber dieser Seiten nehmen den Schutz Ihrer pers\u00f6nlichen Daten sehr ernst. Wir behandeln Ihre personenbezogenen Daten vertraulich und entsprechend der gesetzlichen Datenschutzvorschriften sowie dieser Datenschutzerkl\u00e4rung. Die Nutzung unserer Webseite ist in der Regel ohne Angabe personenbezogener Daten m\u00f6glich. Soweit auf unseren Seiten personenbezogene Daten (beispielsweise Name, Anschrift oder E-Mail-Adressen) erhoben werden, erfolgt dies, soweit&#8230;<\/p>\n<div class=\"read-more-link-wrapper text-center\"><a class=\"read-more-link\" href=\"https:\/\/www.fitago.de\/home\/datenschutzerklaerung\/\"><i class=\"icon-next\"><\/i>Read more<\/a><\/div>\n","protected":false},"author":1,"featured_media":0,"parent":0,"menu_order":0,"comment_status":"closed","ping_status":"open","template":"","meta":{"footnotes":""},"class_list":["post-3","page","type-page","status-publish","hentry"],"yoast_head":"<!-- This site is optimized with the Yoast SEO plugin v25.6 - https:\/\/yoast.com\/wordpress\/plugins\/seo\/ -->\n<title>Datenschutzerkl\u00e4rung - fitago<\/title>\n<meta name=\"robots\" content=\"index, follow, max-snippet:-1, max-image-preview:large, max-video-preview:-1\" \/>\n<link rel=\"canonical\" href=\"https:\/\/www.fitago.de\/home\/datenschutzerklaerung\/\" \/>\n<meta property=\"og:locale\" content=\"de_DE\" \/>\n<meta property=\"og:type\" content=\"article\" \/>\n<meta property=\"og:title\" content=\"Datenschutzerkl\u00e4rung - fitago\" \/>\n<meta property=\"og:description\" content=\"Die Betreiber dieser Seiten nehmen den Schutz Ihrer pers\u00f6nlichen Daten sehr ernst. Wir behandeln Ihre personenbezogenen Daten vertraulich und entsprechend der gesetzlichen Datenschutzvorschriften sowie dieser Datenschutzerkl\u00e4rung. Die Nutzung unserer Webseite ist in der Regel ohne Angabe personenbezogener Daten m\u00f6glich. Soweit auf unseren Seiten personenbezogene Daten (beispielsweise Name, Anschrift oder E-Mail-Adressen) erhoben werden, erfolgt dies, soweit...Read more\" \/>\n<meta property=\"og:url\" content=\"https:\/\/www.fitago.de\/home\/datenschutzerklaerung\/\" \/>\n<meta property=\"og:site_name\" content=\"fitago\" \/>\n<meta property=\"article:publisher\" content=\"https:\/\/www.facebook.com\/fitago.glandorf\" \/>\n<meta property=\"article:modified_time\" content=\"2021-11-21T20:24:23+00:00\" \/>\n<meta name=\"twitter:card\" content=\"summary_large_image\" \/>\n<meta name=\"twitter:label1\" content=\"Gesch\u00e4tzte Lesezeit\" \/>\n\t<meta name=\"twitter:data1\" content=\"5\u00a0Minuten\" \/>\n<script type=\"application\/ld+json\" class=\"yoast-schema-graph\">{\"@context\":\"https:\/\/schema.org\",\"@graph\":[{\"@type\":\"WebPage\",\"@id\":\"https:\/\/www.fitago.de\/home\/datenschutzerklaerung\/\",\"url\":\"https:\/\/www.fitago.de\/home\/datenschutzerklaerung\/\",\"name\":\"Datenschutzerkl\u00e4rung - fitago\",\"isPartOf\":{\"@id\":\"https:\/\/www.fitago.de\/home\/#website\"},\"datePublished\":\"2021-09-04T16:48:21+00:00\",\"dateModified\":\"2021-11-21T20:24:23+00:00\",\"breadcrumb\":{\"@id\":\"https:\/\/www.fitago.de\/home\/datenschutzerklaerung\/#breadcrumb\"},\"inLanguage\":\"de\",\"potentialAction\":[{\"@type\":\"ReadAction\",\"target\":[\"https:\/\/www.fitago.de\/home\/datenschutzerklaerung\/\"]}]},{\"@type\":\"BreadcrumbList\",\"@id\":\"https:\/\/www.fitago.de\/home\/datenschutzerklaerung\/#breadcrumb\",\"itemListElement\":[{\"@type\":\"ListItem\",\"position\":1,\"name\":\"Startseite\",\"item\":\"https:\/\/www.fitago.de\/home\/\"},{\"@type\":\"ListItem\",\"position\":2,\"name\":\"Datenschutzerkl\u00e4rung\"}]},{\"@type\":\"WebSite\",\"@id\":\"https:\/\/www.fitago.de\/home\/#website\",\"url\":\"https:\/\/www.fitago.de\/home\/\",\"name\":\"fitago\",\"description\":\"Mehr als nur Fitness\",\"publisher\":{\"@id\":\"https:\/\/www.fitago.de\/home\/#organization\"},\"potentialAction\":[{\"@type\":\"SearchAction\",\"target\":{\"@type\":\"EntryPoint\",\"urlTemplate\":\"https:\/\/www.fitago.de\/home\/?s={search_term_string}\"},\"query-input\":{\"@type\":\"PropertyValueSpecification\",\"valueRequired\":true,\"valueName\":\"search_term_string\"}}],\"inLanguage\":\"de\"},{\"@type\":\"Organization\",\"@id\":\"https:\/\/www.fitago.de\/home\/#organization\",\"name\":\"fitago\",\"url\":\"https:\/\/www.fitago.de\/home\/\",\"logo\":{\"@type\":\"ImageObject\",\"inLanguage\":\"de\",\"@id\":\"https:\/\/www.fitago.de\/home\/#\/schema\/logo\/image\/\",\"url\":\"https:\/\/www.fitago.de\/wp-content\/uploads\/2021\/11\/Logo_fitago_rgb_01-neu.png\",\"contentUrl\":\"https:\/\/www.fitago.de\/wp-content\/uploads\/2021\/11\/Logo_fitago_rgb_01-neu.png\",\"width\":451,\"height\":289,\"caption\":\"fitago\"},\"image\":{\"@id\":\"https:\/\/www.fitago.de\/home\/#\/schema\/logo\/image\/\"},\"sameAs\":[\"https:\/\/www.facebook.com\/fitago.glandorf\"]}]}<\/script>\n<!-- \/ Yoast SEO plugin. -->","yoast_head_json":{"title":"Datenschutzerkl\u00e4rung - fitago","robots":{"index":"index","follow":"follow","max-snippet":"max-snippet:-1","max-image-preview":"max-image-preview:large","max-video-preview":"max-video-preview:-1"},"canonical":"https:\/\/www.fitago.de\/home\/datenschutzerklaerung\/","og_locale":"de_DE","og_type":"article","og_title":"Datenschutzerkl\u00e4rung - fitago","og_description":"Die Betreiber dieser Seiten nehmen den Schutz Ihrer pers\u00f6nlichen Daten sehr ernst. Wir behandeln Ihre personenbezogenen Daten vertraulich und entsprechend der gesetzlichen Datenschutzvorschriften sowie dieser Datenschutzerkl\u00e4rung. Die Nutzung unserer Webseite ist in der Regel ohne Angabe personenbezogener Daten m\u00f6glich. Soweit auf unseren Seiten personenbezogene Daten (beispielsweise Name, Anschrift oder E-Mail-Adressen) erhoben werden, erfolgt dies, soweit...Read more","og_url":"https:\/\/www.fitago.de\/home\/datenschutzerklaerung\/","og_site_name":"fitago","article_publisher":"https:\/\/www.facebook.com\/fitago.glandorf","article_modified_time":"2021-11-21T20:24:23+00:00","twitter_card":"summary_large_image","twitter_misc":{"Gesch\u00e4tzte Lesezeit":"5\u00a0Minuten"},"schema":{"@context":"https:\/\/schema.org","@graph":[{"@type":"WebPage","@id":"https:\/\/www.fitago.de\/home\/datenschutzerklaerung\/","url":"https:\/\/www.fitago.de\/home\/datenschutzerklaerung\/","name":"Datenschutzerkl\u00e4rung - fitago","isPartOf":{"@id":"https:\/\/www.fitago.de\/home\/#website"},"datePublished":"2021-09-04T16:48:21+00:00","dateModified":"2021-11-21T20:24:23+00:00","breadcrumb":{"@id":"https:\/\/www.fitago.de\/home\/datenschutzerklaerung\/#breadcrumb"},"inLanguage":"de","potentialAction":[{"@type":"ReadAction","target":["https:\/\/www.fitago.de\/home\/datenschutzerklaerung\/"]}]},{"@type":"BreadcrumbList","@id":"https:\/\/www.fitago.de\/home\/datenschutzerklaerung\/#breadcrumb","itemListElement":[{"@type":"ListItem","position":1,"name":"Startseite","item":"https:\/\/www.fitago.de\/home\/"},{"@type":"ListItem","position":2,"name":"Datenschutzerkl\u00e4rung"}]},{"@type":"WebSite","@id":"https:\/\/www.fitago.de\/home\/#website","url":"https:\/\/www.fitago.de\/home\/","name":"fitago","description":"Mehr als nur Fitness","publisher":{"@id":"https:\/\/www.fitago.de\/home\/#organization"},"potentialAction":[{"@type":"SearchAction","target":{"@type":"EntryPoint","urlTemplate":"https:\/\/www.fitago.de\/home\/?s={search_term_string}"},"query-input":{"@type":"PropertyValueSpecification","valueRequired":true,"valueName":"search_term_string"}}],"inLanguage":"de"},{"@type":"Organization","@id":"https:\/\/www.fitago.de\/home\/#organization","name":"fitago","url":"https:\/\/www.fitago.de\/home\/","logo":{"@type":"ImageObject","inLanguage":"de","@id":"https:\/\/www.fitago.de\/home\/#\/schema\/logo\/image\/","url":"https:\/\/www.fitago.de\/wp-content\/uploads\/2021\/11\/Logo_fitago_rgb_01-neu.png","contentUrl":"https:\/\/www.fitago.de\/wp-content\/uploads\/2021\/11\/Logo_fitago_rgb_01-neu.png","width":451,"height":289,"caption":"fitago"},"image":{"@id":"https:\/\/www.fitago.de\/home\/#\/schema\/logo\/image\/"},"sameAs":["https:\/\/www.facebook.com\/fitago.glandorf"]}]}},"_links":{"self":[{"href":"https:\/\/www.fitago.de\/home\/wp-json\/wp\/v2\/pages\/3","targetHints":{"allow":["GET"]}}],"collection":[{"href":"https:\/\/www.fitago.de\/home\/wp-json\/wp\/v2\/pages"}],"about":[{"href":"https:\/\/www.fitago.de\/home\/wp-json\/wp\/v2\/types\/page"}],"author":[{"embeddable":true,"href":"https:\/\/www.fitago.de\/home\/wp-json\/wp\/v2\/users\/1"}],"replies":[{"embeddable":true,"href":"https:\/\/www.fitago.de\/home\/wp-json\/wp\/v2\/comments?post=3"}],"version-history":[{"count":3,"href":"https:\/\/www.fitago.de\/home\/wp-json\/wp\/v2\/pages\/3\/revisions"}],"predecessor-version":[{"id":3690,"href":"https:\/\/www.fitago.de\/home\/wp-json\/wp\/v2\/pages\/3\/revisions\/3690"}],"wp:attachment":[{"href":"https:\/\/www.fitago.de\/home\/wp-json\/wp\/v2\/media?parent=3"}],"curies":[{"name":"wp","href":"https:\/\/api.w.org\/{rel}","templated":true}]}}